{"id":2,"date":"2023-10-05T15:25:05","date_gmt":"2023-10-05T15:25:05","guid":{"rendered":"https:\/\/web4.rkinformatika.net\/jvliftingsquad\/?page_id=2"},"modified":"2025-02-28T09:39:02","modified_gmt":"2025-02-28T09:39:02","slug":"inicio","status":"publish","type":"page","link":"https:\/\/jvliftingsquad.com\/eu\/","title":{"rendered":"Hasiera"},"content":{"rendered":"\t\t<div data-elementor-type=\"wp-page\" data-elementor-id=\"2\" class=\"elementor elementor-2\" data-elementor-post-type=\"page\">\n\t\t\t\t\t\t<section class=\"elementor-section elementor-top-section elementor-element elementor-element-343a90b6 elementor-section-boxed elementor-section-height-default elementor-section-height-default\" data-id=\"343a90b6\" data-element_type=\"section\" data-e-type=\"section\" data-settings=\"{&quot;background_background&quot;:&quot;classic&quot;,&quot;background_motion_fx_motion_fx_scrolling&quot;:&quot;yes&quot;,&quot;background_motion_fx_devices&quot;:[&quot;desktop&quot;,&quot;tablet&quot;,&quot;mobile&quot;]}\">\n\t\t\t\t\t\t\t<div class=\"elementor-background-overlay\"><\/div>\n\t\t\t\t\t\t\t<div class=\"elementor-container elementor-column-gap-default\">\n\t\t\t\t\t<div class=\"elementor-column elementor-col-50 elementor-top-column elementor-element elementor-element-5128b433 elementor-invisible\" data-id=\"5128b433\" data-element_type=\"column\" data-e-type=\"column\" data-settings=\"{&quot;animation&quot;:&quot;bounceInLeft&quot;}\">\n\t\t\t<div class=\"elementor-widget-wrap elementor-element-populated\">\n\t\t\t\t\t\t<div class=\"elementor-element elementor-element-787a3f3e elementor-widget__width-initial elementor-widget-mobile__width-initial elementor-widget-tablet__width-initial elementor-widget elementor-widget-heading\" data-id=\"787a3f3e\" data-element_type=\"widget\" data-e-type=\"widget\" data-widget_type=\"heading.default\">\n\t\t\t\t<div class=\"elementor-widget-container\">\n\t\t\t\t\t<h2 class=\"elementor-heading-title elementor-size-default\">ESTE GIMNASIO NO ES PARA TODO EL MUNDO<br><\/h2>\t\t\t\t<\/div>\n\t\t\t\t<\/div>\n\t\t\t\t<div class=\"elementor-element elementor-element-35465880 elementor-widget__width-initial elementor-widget-mobile__width-initial elementor-widget-tablet__width-initial elementor-widget elementor-widget-text-editor\" data-id=\"35465880\" data-element_type=\"widget\" data-e-type=\"widget\" data-widget_type=\"text-editor.default\">\n\t\t\t\t<div class=\"elementor-widget-container\">\n\t\t\t\t\t\t\t\t\t<p><strong>Si crees que todos los gimnasios son iguales, est\u00e1s equivocado. Si te conformas con entrenamientos gen\u00e9ricos en espacios abarrotados y equipamiento mediocre, sigue buscando.<\/strong><\/p><h2><strong>LO QUE NOS HACE DIFERENTES<\/strong><\/h2><h3><strong>El mejor equipamiento del mercado<\/strong><\/h3><p><em><strong>Cada m\u00e1quina ha sido seleccionada meticulosamente para cubrir necesidades espec\u00edficas. Como aut\u00e9nticos apasionados del entrenamiento y del equipamiento, hemos tenido el privilegio de testear, a lo largo de los a\u00f1os, algunas de las mejores m\u00e1quinas jam\u00e1s fabricadas. Nuestro proyecto se fundamenta en la fusi\u00f3n perfecta entre el encanto y la robustez del equipamiento old school y la innovaci\u00f3n de la tecnolog\u00eda moderna, dise\u00f1ado para satisfacer las exigencias de cualquier entusiasta del entrenamiento, ya sea en el \u00e1mbito del culturismo\/fitness o en el mundo de la fuerza, representado por disciplinas como el Rugby, Powerlifting o Strongman.<\/strong><\/em><\/p><p><em><strong>Aqu\u00ed no encontrar\u00e1s equipos fabricados en China promocionados por el influencer de turno. Solo calidad, experiencia y un compromiso inquebrantable con la excelencia.<\/strong><\/em><\/p><p><em><strong>Algunas de las marcas con las que trabajamos:<\/strong><\/em><\/p><p><em><strong>PRIME FITNESS<\/strong><\/em><\/p><p><em><strong>PANATTA<\/strong><\/em><\/p><p><em><strong>GYMLECO<\/strong><\/em><\/p><p><em><strong>NAUTILUS<\/strong><\/em><\/p><p><em><strong>STRIVE<\/strong><\/em><\/p><p><em><strong>CYBEX<\/strong><\/em><\/p><p><em><strong>PREDATOR STRENGTH<\/strong><\/em><\/p><p><em><strong>ROGUE<\/strong><\/em><\/p><h3><strong>Entrenamiento Personalizado<\/strong><\/h3><p><em><strong>Tu programaci\u00f3n de entrenamiento se adapta a tus objetivos, disponibilidad y preferencias. Creemos que si disfrutas el proceso, el \u00e9xito est\u00e1 garantizado. Ponemos nuestra experiencia a tu servicio.<\/strong><\/em><\/p><h3><strong>Aforo Limitado<\/strong><\/h3><p><em><strong>Para que entrenes sin aglomeraciones ni esperas, el acceso est\u00e1 cuidadosamente regulado. Cuando entrenas aqu\u00ed, lo haces en serio.<\/strong><\/em><\/p><h2><strong>\u00bfEST\u00c1S LISTO PARA DAR EL SIGUIENTE PASO?<\/strong><\/h2><p><em><strong>Si valoras la exclusividad, la calidad y un lugar donde sentirte como en casa\u00a0ponte en contacto con nosotros<\/strong><\/em><\/p><p style=\"margin-top: 0pt; margin-bottom: 10pt; border: none; mso-border-between: none;\"><span style=\"font-family: 'Times New Roman'; font-size: 12pt; color: #000000; mso-style-textfill-fill-color: #000000;\">.<\/span><\/p>\t\t\t\t\t\t\t\t<\/div>\n\t\t\t\t<\/div>\n\t\t\t\t\t<\/div>\n\t\t<\/div>\n\t\t\t\t<div class=\"elementor-column elementor-col-50 elementor-top-column elementor-element elementor-element-59f9503 elementor-hidden-tablet elementor-hidden-phone elementor-invisible\" data-id=\"59f9503\" data-element_type=\"column\" data-e-type=\"column\" data-settings=\"{&quot;animation&quot;:&quot;bounceInRight&quot;}\">\n\t\t\t<div class=\"elementor-widget-wrap elementor-element-populated\">\n\t\t\t\t\t\t<div class=\"elementor-element elementor-element-6f34ce93 elementor-widget__width-initial elementor-widget elementor-widget-image\" data-id=\"6f34ce93\" data-element_type=\"widget\" data-e-type=\"widget\" data-widget_type=\"image.default\">\n\t\t\t\t<div class=\"elementor-widget-container\">\n\t\t\t\t\t\t\t\t\t\t\t\t\t\t\t<img decoding=\"async\" src=\"https:\/\/jvliftingsquad.com\/wp-content\/uploads\/2023\/10\/WhatsApp-Image-2025-02-16-at-12.45.16.jpeg\" title=\"\" alt=\"\" loading=\"lazy\" \/>\t\t\t\t\t\t\t\t\t\t\t\t\t\t\t<\/div>\n\t\t\t\t<\/div>\n\t\t\t\t\t<\/div>\n\t\t<\/div>\n\t\t\t\t\t<\/div>\n\t\t<\/section>\n\t\t\t\t<section class=\"elementor-section elementor-top-section elementor-element elementor-element-620c45fd elementor-section-content-middle elementor-section-boxed elementor-section-height-default elementor-section-height-default\" data-id=\"620c45fd\" data-element_type=\"section\" data-e-type=\"section\" data-settings=\"{&quot;background_background&quot;:&quot;classic&quot;}\">\n\t\t\t\t\t\t\t<div class=\"elementor-background-overlay\"><\/div>\n\t\t\t\t\t\t\t<div class=\"elementor-container elementor-column-gap-default\">\n\t\t\t\t\t<div class=\"elementor-column elementor-col-50 elementor-top-column elementor-element elementor-element-49863a9c elementor-invisible\" data-id=\"49863a9c\" data-element_type=\"column\" data-e-type=\"column\" data-settings=\"{&quot;animation&quot;:&quot;slideInLeft&quot;}\">\n\t\t\t<div class=\"elementor-widget-wrap elementor-element-populated\">\n\t\t\t\t\t\t\t<\/div>\n\t\t<\/div>\n\t\t\t\t<div class=\"elementor-column elementor-col-50 elementor-top-column elementor-element elementor-element-33c042e elementor-invisible\" data-id=\"33c042e\" data-element_type=\"column\" data-e-type=\"column\" data-settings=\"{&quot;animation&quot;:&quot;bounceInRight&quot;}\">\n\t\t\t<div class=\"elementor-widget-wrap elementor-element-populated\">\n\t\t\t\t\t\t<div class=\"elementor-element elementor-element-1456effb elementor-widget elementor-widget-heading\" data-id=\"1456effb\" data-element_type=\"widget\" data-e-type=\"widget\" data-widget_type=\"heading.default\">\n\t\t\t\t<div class=\"elementor-widget-container\">\n\t\t\t\t\t<h2 class=\"elementor-heading-title elementor-size-default\">hazte socio<\/h2>\t\t\t\t<\/div>\n\t\t\t\t<\/div>\n\t\t\t\t<div class=\"elementor-element elementor-element-1faebb60 elementor-widget__width-initial elementor-widget elementor-widget-text-editor\" data-id=\"1faebb60\" data-element_type=\"widget\" data-e-type=\"widget\" data-widget_type=\"text-editor.default\">\n\t\t\t\t<div class=\"elementor-widget-container\">\n\t\t\t\t\t\t\t\t\t<p class=\"cvGsUA direction-ltr align-center para-style-body\"><em><strong><span class=\"OYPEnA font-feature-liga-off font-feature-clig-off font-feature-calt-off text-decoration-none text-strikethrough-none\">ENTRENAMIENTO PERSONALIZADO:<\/span><\/strong><\/em><\/p><p class=\"cvGsUA direction-ltr align-center para-style-body\"><em><strong><span class=\"OYPEnA font-feature-liga-off font-feature-clig-off font-feature-calt-off text-decoration-none text-strikethrough-none\">Disfruta del acceso<\/span> <span class=\"OYPEnA font-feature-liga-off font-feature-clig-off font-feature-calt-off text-decoration-none text-strikethrough-none\">al gimnasio en los horarios que mejor se adapten a ti y que te permitan entrenar sin aglomeraciones. Tendr\u00e1s a tu disposici\u00f3n toda nuestra experiencia plasmada en tu programaci\u00f3n de entrenamiento especificamente dise\u00f1ada para ti adem\u00e1s del<\/span> <span class=\"OYPEnA font-feature-liga-off font-feature-clig-off font-feature-calt-off text-decoration-none text-strikethrough-none\">asesoramiento integral en todos los aspectos que influyen en la consecuci\u00f3n de tus objetivos, siempre teniendo en cuenta tus gustos y preferencias.<\/span><\/strong><\/em><\/p><p class=\"cvGsUA direction-ltr align-center para-style-body\"><em><strong><span class=\"OYPEnA font-feature-liga-off font-feature-clig-off font-feature-calt-off text-decoration-none text-strikethrough-none\">CUOTA MENSUAL:75 \u20ac<\/span><\/strong><\/em><\/p><p class=\"cvGsUA direction-ltr align-center para-style-body\"><em><strong><span class=\"OYPEnA font-feature-liga-off font-feature-clig-off font-feature-calt-off text-decoration-none text-strikethrough-none\">(ACCESO AL GIMNASIO + PLANIFICACI\u00d3N DE ENTRENAMIENTO+SEGUIMIENTO)<\/span><\/strong><\/em><\/p><p class=\"cvGsUA direction-ltr align-center para-style-body\"><em><strong><span class=\"OYPEnA font-feature-liga-off font-feature-clig-off font-feature-calt-off text-decoration-none text-strikethrough-none\">ENTRENAMIENTO PERSONAL\/ GRUPOS REDUCIDOS:<\/span><\/strong><\/em><\/p><p class=\"cvGsUA direction-ltr align-center para-style-body\"><em><strong><span class=\"OYPEnA font-feature-liga-off font-feature-clig-off font-feature-calt-off text-decoration-none text-strikethrough-none\">Si alguna vez has deseado entrenar sin distracciones, sin esperas y con un entrenador 100% pendiente de ti, esto es para ti.<\/span><\/strong><\/em><\/p><p class=\"cvGsUA direction-ltr align-center para-style-body\"><em><strong><span class=\"OYPEnA font-feature-liga-off font-feature-clig-off font-feature-calt-off text-decoration-none text-strikethrough-none\">ideal para quienes, desde otros gimnasios o en su rutina habitual, desean maximizar el rendimiento en d\u00edas espec\u00edficos de entrenamiento (Ej: Pierna, Tecnificaci\u00f3n SBD, etc)<\/span><\/strong><\/em><\/p><p class=\"cvGsUA direction-ltr align-center para-style-body\"><em><strong><span class=\"OYPEnA font-feature-liga-off font-feature-clig-off font-feature-calt-off text-decoration-none text-strikethrough-none\">\ud83d\udcaa Entrena solo o en grupo reducido (m\u00e1ximo 3 personas)<\/span><\/strong><\/em><\/p><p class=\"cvGsUA direction-ltr align-center para-style-body\"><em><strong><span class=\"OYPEnA font-feature-liga-off font-feature-clig-off font-feature-calt-off text-decoration-none text-strikethrough-none\">\ud83d\udcaa Gimnasio a puerta cerrada, sin nadie m\u00e1s<\/span><\/strong><\/em><\/p><p class=\"cvGsUA direction-ltr align-center para-style-body\"><em><strong><span class=\"OYPEnA font-feature-liga-off font-feature-clig-off font-feature-calt-off text-decoration-none text-strikethrough-none\">\ud83d\udcaa Atenci\u00f3n total del entrenador<\/span><\/strong><\/em><\/p><p class=\"cvGsUA direction-ltr align-center para-style-body\"><em><strong><span class=\"OYPEnA font-feature-liga-off font-feature-clig-off font-feature-calt-off text-decoration-none text-strikethrough-none\">\ud83d\udcaa Acceso exclusivo a lo mejor: Nautilus, Strive, Panatta, Prime Fitness, Gymleco, Predator Strength\u2026<\/span><\/strong><\/em><\/p><p class=\"cvGsUA direction-ltr align-center para-style-body\"><em><strong><span class=\"OYPEnA font-feature-liga-off font-feature-clig-off font-feature-calt-off text-decoration-none text-strikethrough-none\">Puedes elegir entre:<\/span><\/strong><\/em><\/p><p class=\"cvGsUA direction-ltr align-center para-style-body\"><em><strong><span class=\"OYPEnA font-feature-liga-off font-feature-clig-off font-feature-calt-off text-decoration-none text-strikethrough-none\">\u2705 Entrenamiento t\u00e9cnico \u2192 Perfecciona tus patrones de movimiento.<\/span><\/strong><\/em><\/p><p class=\"cvGsUA direction-ltr align-center para-style-body\"><em><strong><span class=\"OYPEnA font-feature-liga-off font-feature-clig-off font-feature-calt-off text-decoration-none text-strikethrough-none\">\u2705 Entrenamiento personalizado \u2192 Sesi\u00f3n planificada seg\u00fan tus objetivos y gustos.<\/span><\/strong><\/em><\/p><p class=\"cvGsUA direction-ltr align-center para-style-body\"><em><strong><span class=\"OYPEnA font-feature-liga-off font-feature-clig-off font-feature-calt-off text-decoration-none text-strikethrough-none\">SESI\u00d3N INDIVIDUAL: 35\u20ac<\/span><\/strong><\/em><\/p><p class=\"cvGsUA direction-ltr align-center para-style-body\"><em><strong><span class=\"OYPEnA font-feature-liga-off font-feature-clig-off font-feature-calt-off text-decoration-none text-strikethrough-none\">SESI\u00d3N PARA 2 PERSONAS: 20\u20ac por persona<\/span><\/strong><\/em><\/p><p class=\"cvGsUA direction-ltr align-center para-style-body\"><em><strong><span class=\"OYPEnA font-feature-liga-off font-feature-clig-off font-feature-calt-off text-decoration-none text-strikethrough-none\">SESI\u00d3N PARA 3 PERSONAS: 15\u20ac por persona<\/span><\/strong><\/em><\/p><p class=\"cvGsUA direction-ltr align-center para-style-body\"><em><strong><span class=\"OYPEnA font-feature-liga-off font-feature-clig-off font-feature-calt-off text-decoration-none text-strikethrough-none\">**Posibilidad de adquirir Packs de varias sesiones**<\/span><\/strong><\/em><\/p>\t\t\t\t\t\t\t\t<\/div>\n\t\t\t\t<\/div>\n\t\t\t\t\t<\/div>\n\t\t<\/div>\n\t\t\t\t\t<\/div>\n\t\t<\/section>\n\t\t<div class=\"elementor-element elementor-element-2dc70bb e-flex e-con-boxed e-con e-parent\" data-id=\"2dc70bb\" data-element_type=\"container\" data-e-type=\"container\">\n\t\t\t\t\t<div class=\"e-con-inner\">\n\t\t\t\t<div class=\"elementor-element elementor-element-5e9fc36 elementor-widget__width-initial elementor-widget elementor-widget-image\" data-id=\"5e9fc36\" data-element_type=\"widget\" data-e-type=\"widget\" data-widget_type=\"image.default\">\n\t\t\t\t<div class=\"elementor-widget-container\">\n\t\t\t\t\t\t\t\t\t\t\t\t\t\t\t<img fetchpriority=\"high\" decoding=\"async\" width=\"1500\" height=\"1442\" src=\"https:\/\/jvliftingsquad.com\/wp-content\/uploads\/2025\/02\/WhatsApp-Image-2025-02-19-at-09.59.56.jpeg\" class=\"attachment-full size-full wp-image-1198\" alt=\"\" srcset=\"https:\/\/jvliftingsquad.com\/wp-content\/uploads\/2025\/02\/WhatsApp-Image-2025-02-19-at-09.59.56.jpeg 1500w, https:\/\/jvliftingsquad.com\/wp-content\/uploads\/2025\/02\/WhatsApp-Image-2025-02-19-at-09.59.56-300x288.jpeg 300w, https:\/\/jvliftingsquad.com\/wp-content\/uploads\/2025\/02\/WhatsApp-Image-2025-02-19-at-09.59.56-1024x984.jpeg 1024w, https:\/\/jvliftingsquad.com\/wp-content\/uploads\/2025\/02\/WhatsApp-Image-2025-02-19-at-09.59.56-768x738.jpeg 768w, https:\/\/jvliftingsquad.com\/wp-content\/uploads\/2025\/02\/WhatsApp-Image-2025-02-19-at-09.59.56-12x12.jpeg 12w\" sizes=\"(max-width: 1500px) 100vw, 1500px\" \/>\t\t\t\t\t\t\t\t\t\t\t\t\t\t\t<\/div>\n\t\t\t\t<\/div>\n\t\t\t\t\t<\/div>\n\t\t\t\t<\/div>\n\t\t\t\t<\/div>\n\t\t","protected":false},"excerpt":{"rendered":"<p>ESTE GIMNASIO NO ES PARA TODO EL MUNDO Si crees que todos los gimnasios son iguales, est\u00e1s equivocado. Si te conformas con entrenamientos gen\u00e9ricos en espacios abarrotados y equipamiento mediocre, sigue buscando. LO QUE NOS HACE DIFERENTES El mejor equipamiento del mercado Cada m\u00e1quina ha sido seleccionada meticulosamente para cubrir necesidades espec\u00edficas. Como aut\u00e9nticos apasionados [&hellip;]<\/p>\n","protected":false},"author":1,"featured_media":0,"parent":0,"menu_order":0,"comment_status":"closed","ping_status":"closed","template":"elementor_canvas","meta":{"footnotes":""},"class_list":["post-2","page","type-page","status-publish","hentry"],"yoast_head":"<!-- This site is optimized with the Yoast SEO plugin v27.5 - https:\/\/yoast.com\/product\/yoast-seo-wordpress\/ -->\n<title>Inicio - Jv Lifting Squad<\/title>\n<meta name=\"robots\" content=\"index, follow, max-snippet:-1, max-image-preview:large, max-video-preview:-1\" \/>\n<link rel=\"canonical\" href=\"https:\/\/jvliftingsquad.com\/eu\/\" \/>\n<meta property=\"og:locale\" content=\"en_US\" \/>\n<meta property=\"og:type\" content=\"article\" \/>\n<meta property=\"og:title\" content=\"Inicio - Jv Lifting Squad\" \/>\n<meta property=\"og:description\" content=\"ESTE GIMNASIO NO ES PARA TODO EL MUNDO Si crees que todos los gimnasios son iguales, est\u00e1s equivocado. Si te conformas con entrenamientos gen\u00e9ricos en espacios abarrotados y equipamiento mediocre, sigue buscando. LO QUE NOS HACE DIFERENTES El mejor equipamiento del mercado Cada m\u00e1quina ha sido seleccionada meticulosamente para cubrir necesidades espec\u00edficas. Como aut\u00e9nticos apasionados [&hellip;]\" \/>\n<meta property=\"og:url\" content=\"https:\/\/jvliftingsquad.com\/eu\/\" \/>\n<meta property=\"og:site_name\" content=\"Jv Lifting Squad\" \/>\n<meta property=\"article:modified_time\" content=\"2025-02-28T09:39:02+00:00\" \/>\n<meta property=\"og:image\" content=\"https:\/\/jvliftingsquad.com\/wp-content\/uploads\/2023\/10\/WhatsApp-Image-2025-02-16-at-12.45.16.jpeg\" \/>\n<meta name=\"twitter:card\" content=\"summary_large_image\" \/>\n<meta name=\"twitter:label1\" content=\"Est. reading time\" \/>\n\t<meta name=\"twitter:data1\" content=\"3 minutua\" \/>\n<script type=\"application\/ld+json\" class=\"yoast-schema-graph\">{\"@context\":\"https:\\\/\\\/schema.org\",\"@graph\":[{\"@type\":\"WebPage\",\"@id\":\"https:\\\/\\\/jvliftingsquad.com\\\/\",\"url\":\"https:\\\/\\\/jvliftingsquad.com\\\/\",\"name\":\"Inicio - Jv Lifting Squad\",\"isPartOf\":{\"@id\":\"https:\\\/\\\/jvliftingsquad.com\\\/#website\"},\"primaryImageOfPage\":{\"@id\":\"https:\\\/\\\/jvliftingsquad.com\\\/#primaryimage\"},\"image\":{\"@id\":\"https:\\\/\\\/jvliftingsquad.com\\\/#primaryimage\"},\"thumbnailUrl\":\"https:\\\/\\\/jvliftingsquad.com\\\/wp-content\\\/uploads\\\/2023\\\/10\\\/WhatsApp-Image-2025-02-16-at-12.45.16.jpeg\",\"datePublished\":\"2023-10-05T15:25:05+00:00\",\"dateModified\":\"2025-02-28T09:39:02+00:00\",\"breadcrumb\":{\"@id\":\"https:\\\/\\\/jvliftingsquad.com\\\/#breadcrumb\"},\"inLanguage\":\"eu\",\"potentialAction\":[{\"@type\":\"ReadAction\",\"target\":[\"https:\\\/\\\/jvliftingsquad.com\\\/\"]}]},{\"@type\":\"ImageObject\",\"inLanguage\":\"eu\",\"@id\":\"https:\\\/\\\/jvliftingsquad.com\\\/#primaryimage\",\"url\":\"https:\\\/\\\/jvliftingsquad.com\\\/wp-content\\\/uploads\\\/2023\\\/10\\\/WhatsApp-Image-2025-02-16-at-12.45.16.jpeg\",\"contentUrl\":\"https:\\\/\\\/jvliftingsquad.com\\\/wp-content\\\/uploads\\\/2023\\\/10\\\/WhatsApp-Image-2025-02-16-at-12.45.16.jpeg\"},{\"@type\":\"BreadcrumbList\",\"@id\":\"https:\\\/\\\/jvliftingsquad.com\\\/#breadcrumb\",\"itemListElement\":[{\"@type\":\"ListItem\",\"position\":1,\"name\":\"Portada\",\"item\":\"https:\\\/\\\/jvliftingsquad.com\\\/\"},{\"@type\":\"ListItem\",\"position\":2,\"name\":\"Inicio\"}]},{\"@type\":\"WebSite\",\"@id\":\"https:\\\/\\\/jvliftingsquad.com\\\/#website\",\"url\":\"https:\\\/\\\/jvliftingsquad.com\\\/\",\"name\":\"Jv Lifting Squad\",\"description\":\"Jv Lifting Squad\",\"publisher\":{\"@id\":\"https:\\\/\\\/jvliftingsquad.com\\\/#organization\"},\"potentialAction\":[{\"@type\":\"SearchAction\",\"target\":{\"@type\":\"EntryPoint\",\"urlTemplate\":\"https:\\\/\\\/jvliftingsquad.com\\\/?s={search_term_string}\"},\"query-input\":{\"@type\":\"PropertyValueSpecification\",\"valueRequired\":true,\"valueName\":\"search_term_string\"}}],\"inLanguage\":\"eu\"},{\"@type\":\"Organization\",\"@id\":\"https:\\\/\\\/jvliftingsquad.com\\\/#organization\",\"name\":\"Jv Lifting Squad\",\"url\":\"https:\\\/\\\/jvliftingsquad.com\\\/\",\"logo\":{\"@type\":\"ImageObject\",\"inLanguage\":\"eu\",\"@id\":\"https:\\\/\\\/jvliftingsquad.com\\\/#\\\/schema\\\/logo\\\/image\\\/\",\"url\":\"https:\\\/\\\/jvliftingsquad.com\\\/wp-content\\\/uploads\\\/2023\\\/10\\\/cropped-logojv-1.png\",\"contentUrl\":\"https:\\\/\\\/jvliftingsquad.com\\\/wp-content\\\/uploads\\\/2023\\\/10\\\/cropped-logojv-1.png\",\"width\":560,\"height\":525,\"caption\":\"Jv Lifting Squad\"},\"image\":{\"@id\":\"https:\\\/\\\/jvliftingsquad.com\\\/#\\\/schema\\\/logo\\\/image\\\/\"}}]}<\/script>\n<!-- \/ Yoast SEO plugin. -->","yoast_head_json":{"title":"Inicio - Jv Lifting Squad","robots":{"index":"index","follow":"follow","max-snippet":"max-snippet:-1","max-image-preview":"max-image-preview:large","max-video-preview":"max-video-preview:-1"},"canonical":"https:\/\/jvliftingsquad.com\/eu\/","og_locale":"en_US","og_type":"article","og_title":"Inicio - Jv Lifting Squad","og_description":"ESTE GIMNASIO NO ES PARA TODO EL MUNDO Si crees que todos los gimnasios son iguales, est\u00e1s equivocado. Si te conformas con entrenamientos gen\u00e9ricos en espacios abarrotados y equipamiento mediocre, sigue buscando. LO QUE NOS HACE DIFERENTES El mejor equipamiento del mercado Cada m\u00e1quina ha sido seleccionada meticulosamente para cubrir necesidades espec\u00edficas. Como aut\u00e9nticos apasionados [&hellip;]","og_url":"https:\/\/jvliftingsquad.com\/eu\/","og_site_name":"Jv Lifting Squad","article_modified_time":"2025-02-28T09:39:02+00:00","og_image":[{"url":"https:\/\/jvliftingsquad.com\/wp-content\/uploads\/2023\/10\/WhatsApp-Image-2025-02-16-at-12.45.16.jpeg","type":"","width":"","height":""}],"twitter_card":"summary_large_image","twitter_misc":{"Est. reading time":"3 minutua"},"schema":{"@context":"https:\/\/schema.org","@graph":[{"@type":"WebPage","@id":"https:\/\/jvliftingsquad.com\/","url":"https:\/\/jvliftingsquad.com\/","name":"Inicio - Jv Lifting Squad","isPartOf":{"@id":"https:\/\/jvliftingsquad.com\/#website"},"primaryImageOfPage":{"@id":"https:\/\/jvliftingsquad.com\/#primaryimage"},"image":{"@id":"https:\/\/jvliftingsquad.com\/#primaryimage"},"thumbnailUrl":"https:\/\/jvliftingsquad.com\/wp-content\/uploads\/2023\/10\/WhatsApp-Image-2025-02-16-at-12.45.16.jpeg","datePublished":"2023-10-05T15:25:05+00:00","dateModified":"2025-02-28T09:39:02+00:00","breadcrumb":{"@id":"https:\/\/jvliftingsquad.com\/#breadcrumb"},"inLanguage":"eu","potentialAction":[{"@type":"ReadAction","target":["https:\/\/jvliftingsquad.com\/"]}]},{"@type":"ImageObject","inLanguage":"eu","@id":"https:\/\/jvliftingsquad.com\/#primaryimage","url":"https:\/\/jvliftingsquad.com\/wp-content\/uploads\/2023\/10\/WhatsApp-Image-2025-02-16-at-12.45.16.jpeg","contentUrl":"https:\/\/jvliftingsquad.com\/wp-content\/uploads\/2023\/10\/WhatsApp-Image-2025-02-16-at-12.45.16.jpeg"},{"@type":"BreadcrumbList","@id":"https:\/\/jvliftingsquad.com\/#breadcrumb","itemListElement":[{"@type":"ListItem","position":1,"name":"Portada","item":"https:\/\/jvliftingsquad.com\/"},{"@type":"ListItem","position":2,"name":"Inicio"}]},{"@type":"WebSite","@id":"https:\/\/jvliftingsquad.com\/#website","url":"https:\/\/jvliftingsquad.com\/","name":"Jv Lifting Squad","description":"Jv Lifting Squad","publisher":{"@id":"https:\/\/jvliftingsquad.com\/#organization"},"potentialAction":[{"@type":"SearchAction","target":{"@type":"EntryPoint","urlTemplate":"https:\/\/jvliftingsquad.com\/?s={search_term_string}"},"query-input":{"@type":"PropertyValueSpecification","valueRequired":true,"valueName":"search_term_string"}}],"inLanguage":"eu"},{"@type":"Organization","@id":"https:\/\/jvliftingsquad.com\/#organization","name":"Jv Lifting Squad","url":"https:\/\/jvliftingsquad.com\/","logo":{"@type":"ImageObject","inLanguage":"eu","@id":"https:\/\/jvliftingsquad.com\/#\/schema\/logo\/image\/","url":"https:\/\/jvliftingsquad.com\/wp-content\/uploads\/2023\/10\/cropped-logojv-1.png","contentUrl":"https:\/\/jvliftingsquad.com\/wp-content\/uploads\/2023\/10\/cropped-logojv-1.png","width":560,"height":525,"caption":"Jv Lifting Squad"},"image":{"@id":"https:\/\/jvliftingsquad.com\/#\/schema\/logo\/image\/"}}]}},"_links":{"self":[{"href":"https:\/\/jvliftingsquad.com\/eu\/wp-json\/wp\/v2\/pages\/2","targetHints":{"allow":["GET"]}}],"collection":[{"href":"https:\/\/jvliftingsquad.com\/eu\/wp-json\/wp\/v2\/pages"}],"about":[{"href":"https:\/\/jvliftingsquad.com\/eu\/wp-json\/wp\/v2\/types\/page"}],"author":[{"embeddable":true,"href":"https:\/\/jvliftingsquad.com\/eu\/wp-json\/wp\/v2\/users\/1"}],"replies":[{"embeddable":true,"href":"https:\/\/jvliftingsquad.com\/eu\/wp-json\/wp\/v2\/comments?post=2"}],"version-history":[{"count":236,"href":"https:\/\/jvliftingsquad.com\/eu\/wp-json\/wp\/v2\/pages\/2\/revisions"}],"predecessor-version":[{"id":1235,"href":"https:\/\/jvliftingsquad.com\/eu\/wp-json\/wp\/v2\/pages\/2\/revisions\/1235"}],"wp:attachment":[{"href":"https:\/\/jvliftingsquad.com\/eu\/wp-json\/wp\/v2\/media?parent=2"}],"curies":[{"name":"wp","href":"https:\/\/api.w.org\/{rel}","templated":true}]}}